{"id":472,"date":"2023-05-21T18:46:09","date_gmt":"2023-05-21T17:46:09","guid":{"rendered":"http:\/\/ecritsdelumiere.fr\/wp\/?page_id=472"},"modified":"2023-07-10T11:30:25","modified_gmt":"2023-07-10T10:30:25","slug":"studio-alix-au-fil-de-leau","status":"publish","type":"page","link":"https:\/\/ecritsdelumiere.fr\/wp\/pyrenees\/studio-alix-au-fil-de-leau\/","title":{"rendered":"Studio Alix, Au fil de l\u2019eau"},"content":{"rendered":"<div class=\"wp-block-image\">\n<figure class=\"alignright is-resized\"><img loading=\"lazy\" decoding=\"async\" src=\"https:\/\/ecritsdelumiere.fr\/wp\/wp-content\/uploads\/2023\/05\/studio_alix_au_fil_de_l_eau-affichette.jpg\" alt=\"Studio Alix \u2013 Au fil de l'eau\" class=\"wp-image-520\" width=\"322\" height=\"383\" srcset=\"https:\/\/ecritsdelumiere.fr\/wp\/wp-content\/uploads\/2023\/05\/studio_alix_au_fil_de_l_eau-affichette.jpg 500w, https:\/\/ecritsdelumiere.fr\/wp\/wp-content\/uploads\/2023\/05\/studio_alix_au_fil_de_l_eau-affichette-253x300.jpg 253w\" sizes=\"auto, (max-width: 322px) 100vw, 322px\" \/><\/figure>\n<\/div>\n\n\n<p> Du 1<sup>er<\/sup> juillet 2023 au 31 mai 2024, <br>le <strong><a aria-label=\"Mus\u00e9e du Marbre \u2013 Mus\u00e9um d\u2019histoire naturelle de Bagn\u00e8res-de-Bigorre (opens in a new tab)\" href=\"https:\/\/musees-occitanie.fr\/musee\/musee-du-marbre-et-museum-du-salut\/\" target=\"_blank\" rel=\"noreferrer noopener\">Mus\u00e9um d\u2019histoire naturelle<\/a><\/strong>    <br>\u00e0 Bagn\u00e8res-de-Bigorre  pr\u00e9sente <br>une exposition <br>consacr\u00e9e au th\u00e8me de l\u2019eau dans les archives du studio Alix.  Qu&rsquo;il s&rsquo;agisse des eaux naturelles ou industrielles dans les Hautes-Pyr\u00e9n\u00e9es. <br>  <br><br>       <\/p>\n\n\n\n<p>  <br>    <\/p>\n\n\n\n<!--more-->\n\n\n\n<blockquote class=\"wp-block-quote is-layout-flow wp-block-quote-is-layout-flow\">\n<p>R\u00e9alis\u00e9e par \u00c9crits de lumi\u00e8re, <br>elle pr\u00e9sente 50 photos <br>(format 50 x 60 cm ou 60 x 80 cm)<br>Elle est accompagn\u00e9e d&rsquo;un catalogue <br>de 54 pages au format 16\u2009x\u200919 cm<\/p>\n<\/blockquote>\n\n\n\n<p><strong>Pr\u00e9sentation<\/strong><\/p>\n\n\n\n<p>Le studio Alix a \u00e9t\u00e9 cr\u00e9\u00e9 en 1907 \u00e0 Bagn\u00e8res-de-Bigorre. Les trois g\u00e9n\u00e9rations de photographes de la famille Eyssalet ont constitu\u00e9, tout au long du XX<sup>e<\/sup> si\u00e8cle, une m\u00e9moire visuelle unique des Hautes-Pyr\u00e9n\u00e9es. Les archives, objet d\u2019une donation \u00e0 la mairie de Bagn\u00e8res en 2005, rec\u00e8lent plusieurs centaines de milliers de photos.<\/p>\n\n\n\n<p>Poursuivant la valorisation de cet important fonds photographique, la ville de Bagn\u00e8res-de-Bigorre a confi\u00e9 \u00e0 l\u2019association \u00c9crits de Lumi\u00e8res une troisi\u00e8me exposition, cette fois-ci sur le th\u00e8me des eaux naturelles et industrielles dans les Hautes-Pyr\u00e9n\u00e9es.<\/p>\n\n\n\n<p>Pour ce faire, une cinquantaine de prises de vue ont \u00e9t\u00e9 retenues pour restituer la diversit\u00e9 de l\u2019utilisation du ruissellement des eaux dans la vall\u00e9e de l\u2019Adour, mais aussi de la Garonne, de la Neste, et des gaves.&nbsp;<\/p>\n\n\n\n<p>Aux ouvrages paysans et urbains, aux installations thermales, aux grands travaux hydrauliques s\u2019attachent nombre d\u2019usages repr\u00e9sentatifs autant de l\u2019entraide pastorale que des avanc\u00e9es du progr\u00e8s sur le plan du travail, de la sant\u00e9, du confort et des loisirs. Des avanc\u00e9es qui ont pu donner la conviction de pouvoir s\u2019extraire, par force et sans retour, des contingences naturelles.<\/p>\n\n\n\n<p>En regard du bouleversement environnemental pr\u00e9carisant les mod\u00e8les de notre soci\u00e9t\u00e9, cette exposition confronte la constance de l\u2019\u00e9conomie agraire de la montagne \u00e0 l\u2019enthousiasme du si\u00e8cle pass\u00e9 pour capter les eaux vives afin d\u2019\u00e9carter la nuit, de d\u00e9multiplier nos activit\u00e9s, d\u2019en r\u00e9duire la p\u00e9nibilit\u00e9, d\u2019augmenter l\u2019occupation de la montagne jusqu\u2019aux sommets.<\/p>\n\n\n\n<p>Les photographies Alix sont renseign\u00e9es succinctement d\u2019une date, de la mention d\u2019un lieu ou d\u2019un \u00e9v\u00e8nement, mais pas toujours. Pour en savoir plus, il a fallu interroger les gens du pays. Parfois, un d\u00e9tail que l\u2019on n\u2019avait pas vu au premier abord r\u00e9veille un souvenir \u00e0 propos d\u2019une sc\u00e8ne pastorale, du chantier d\u2019un barrage, d\u2019une partie de p\u00eache, d\u2019une randonn\u00e9e en montagne, d\u2019un Tour de France, d\u2019une catastrophe.&nbsp;<\/p>\n\n\n\n<p>Des personnages retiennent \u00e9galement l\u2019attention&nbsp;: un skieur habill\u00e9 \u00e0 la Tintin, un jeune ing\u00e9nieur et son chien, une ribambelle d\u2019enfants r\u00e9unis pour un concours de p\u00eache. L\u2019enqu\u00eate reste ouverte. Qui dans cette fillette, dans cet homme dans la force de l\u2019\u00e2ge, dans cette ouvri\u00e8re ou bien ce vieillard, reconna\u00eetra une parente, un ancien voisin ou ami&nbsp;?&nbsp;<\/p>\n\n\n\n<p>Cette exposition montre en quoi notre actualit\u00e9 renouvelle le regard que l\u2019on porte sur la vall\u00e9e et plus largement sur les Pyr\u00e9n\u00e9es. La dimension journalistique du fonds Alix fait de chacun de nous un historien en puissance, de sa vall\u00e9e comme des choses v\u00e9cues par les g\u00e9n\u00e9rations qui le pr\u00e9c\u00e8dent. Pour autant, quel regard porteront les jeunes sur ce si\u00e8cle pass\u00e9&nbsp;? Car un temps s\u2019ach\u00e8ve. Car un autre temps est l\u00e0. Un temps o\u00f9 l\u2019amplitude des saisons, les rythmes et les volumes des pr\u00e9cipitations sont tous autres.&nbsp;<\/p>\n\n\n\n<p>Qu\u2019elle soit vive, d\u00e9chain\u00e9e, captive, domestiqu\u00e9e et d\u00e9livr\u00e9e, la formidable plasticit\u00e9 de l\u2019eau r\u00e9v\u00e9l\u00e9e par le fonds Alix contribue \u00e0 cette prise de conscience. On ne peut que souhaiter que devant ce foisonnement de souvenirs, d\u2019\u00e9motions et de d\u00e9couvertes, ce que nous avons fait et ce que nous ferons des eaux naturelles contribue \u00e0 ce que nous r\u00e9inventions ensemble un nouveau chemin pour le devenir de la montagne.<\/p>\n\n\n<div style=\"text-align: center; width:100%; margin: 12px auto;\"><iframe loading=\"lazy\" src=\"\/\/v.calameo.com\/?bkcode=0059337811c6cc434d04e&amp;language=fr&amp;page=&amp;showsharemenu=true&amp;clickTo=view&amp;clickTarget=_blank&amp;clickToUrl=&amp;autoFlip=0&amp;mode=mini&amp;authid=C8Jfg4zIb52q&amp;wmode=transparent\" width=\"100%\" height=\"500\" style=\"width:100%;height:500px\" frameborder=\"0\" scrolling=\"no\" allowtransparency allowfullscreen><\/iframe><\/div>\n","protected":false},"excerpt":{"rendered":"<p>Du 1er juillet 2023 au 31 mai 2024, le Mus\u00e9um d\u2019histoire naturelle \u00e0 Bagn\u00e8res-de-Bigorre pr\u00e9sente une exposition consacr\u00e9e au th\u00e8me de l\u2019eau dans les archives du studio Alix. Qu&rsquo;il s&rsquo;agisse des eaux naturelles ou industrielles dans les Hautes-Pyr\u00e9n\u00e9es.<\/p>\n","protected":false},"author":1,"featured_media":520,"parent":69,"menu_order":0,"comment_status":"closed","ping_status":"closed","template":"","meta":{"footnotes":""},"class_list":["post-472","page","type-page","status-publish","has-post-thumbnail","hentry"],"yoast_head":"<!-- This site is optimized with the Yoast SEO plugin v20.8 - https:\/\/yoast.com\/wordpress\/plugins\/seo\/ -->\n<title>Studio Alix, Au fil de l\u2019eau - \u00c9crits de lumi\u00e8re<\/title>\n<meta name=\"robots\" content=\"index, follow, max-snippet:-1, max-image-preview:large, max-video-preview:-1\" \/>\n<link rel=\"canonical\" href=\"https:\/\/ecritsdelumiere.fr\/wp\/pyrenees\/studio-alix-au-fil-de-leau\/\" \/>\n<meta property=\"og:locale\" content=\"fr_FR\" \/>\n<meta property=\"og:type\" content=\"article\" \/>\n<meta property=\"og:title\" content=\"Studio Alix, Au fil de l\u2019eau - \u00c9crits de lumi\u00e8re\" \/>\n<meta property=\"og:description\" content=\"Du 1er juillet 2023 au 31 mai 2024, le Mus\u00e9um d\u2019histoire naturelle \u00e0 Bagn\u00e8res-de-Bigorre pr\u00e9sente une exposition consacr\u00e9e au th\u00e8me de l\u2019eau dans les archives du studio Alix. Qu&rsquo;il s&rsquo;agisse des eaux naturelles ou industrielles dans les Hautes-Pyr\u00e9n\u00e9es.\" \/>\n<meta property=\"og:url\" content=\"https:\/\/ecritsdelumiere.fr\/wp\/pyrenees\/studio-alix-au-fil-de-leau\/\" \/>\n<meta property=\"og:site_name\" content=\"\u00c9crits de lumi\u00e8re\" \/>\n<meta property=\"article:modified_time\" content=\"2023-07-10T10:30:25+00:00\" \/>\n<meta property=\"og:image\" content=\"https:\/\/ecritsdelumiere.fr\/wp\/wp-content\/uploads\/2023\/05\/studio_alix_au_fil_de_l_eau-affichette.jpg\" \/>\n\t<meta property=\"og:image:width\" content=\"500\" \/>\n\t<meta property=\"og:image:height\" content=\"594\" \/>\n\t<meta property=\"og:image:type\" content=\"image\/jpeg\" \/>\n<meta name=\"twitter:card\" content=\"summary_large_image\" \/>\n<meta name=\"twitter:label1\" content=\"Dur\u00e9e de lecture estim\u00e9e\" \/>\n\t<meta name=\"twitter:data1\" content=\"4 minutes\" \/>\n<script type=\"application\/ld+json\" class=\"yoast-schema-graph\">{\"@context\":\"https:\/\/schema.org\",\"@graph\":[{\"@type\":\"WebPage\",\"@id\":\"https:\/\/ecritsdelumiere.fr\/wp\/pyrenees\/studio-alix-au-fil-de-leau\/\",\"url\":\"https:\/\/ecritsdelumiere.fr\/wp\/pyrenees\/studio-alix-au-fil-de-leau\/\",\"name\":\"Studio Alix, Au fil de l\u2019eau - \u00c9crits de lumi\u00e8re\",\"isPartOf\":{\"@id\":\"https:\/\/ecritsdelumiere.fr\/wp\/#website\"},\"datePublished\":\"2023-05-21T17:46:09+00:00\",\"dateModified\":\"2023-07-10T10:30:25+00:00\",\"breadcrumb\":{\"@id\":\"https:\/\/ecritsdelumiere.fr\/wp\/pyrenees\/studio-alix-au-fil-de-leau\/#breadcrumb\"},\"inLanguage\":\"fr-FR\",\"potentialAction\":[{\"@type\":\"ReadAction\",\"target\":[\"https:\/\/ecritsdelumiere.fr\/wp\/pyrenees\/studio-alix-au-fil-de-leau\/\"]}]},{\"@type\":\"BreadcrumbList\",\"@id\":\"https:\/\/ecritsdelumiere.fr\/wp\/pyrenees\/studio-alix-au-fil-de-leau\/#breadcrumb\",\"itemListElement\":[{\"@type\":\"ListItem\",\"position\":1,\"name\":\"Accueil\",\"item\":\"https:\/\/ecritsdelumiere.fr\/wp\/\"},{\"@type\":\"ListItem\",\"position\":2,\"name\":\"Photographie pyr\u00e9n\u00e9enne\",\"item\":\"https:\/\/ecritsdelumiere.fr\/wp\/pyrenees\/\"},{\"@type\":\"ListItem\",\"position\":3,\"name\":\"Studio Alix, Au fil de l\u2019eau\"}]},{\"@type\":\"WebSite\",\"@id\":\"https:\/\/ecritsdelumiere.fr\/wp\/#website\",\"url\":\"https:\/\/ecritsdelumiere.fr\/wp\/\",\"name\":\"\u00c9crits de lumi\u00e8re\",\"description\":\"Un site consacr\u00e9 \u00e0 la photographie ancienne\",\"publisher\":{\"@id\":\"https:\/\/ecritsdelumiere.fr\/wp\/#organization\"},\"potentialAction\":[{\"@type\":\"SearchAction\",\"target\":{\"@type\":\"EntryPoint\",\"urlTemplate\":\"https:\/\/ecritsdelumiere.fr\/wp\/?s={search_term_string}\"},\"query-input\":\"required name=search_term_string\"}],\"inLanguage\":\"fr-FR\"},{\"@type\":\"Organization\",\"@id\":\"https:\/\/ecritsdelumiere.fr\/wp\/#organization\",\"name\":\"\u00c9crits de lumi\u00e8re\",\"url\":\"https:\/\/ecritsdelumiere.fr\/wp\/\",\"logo\":{\"@type\":\"ImageObject\",\"inLanguage\":\"fr-FR\",\"@id\":\"https:\/\/ecritsdelumiere.fr\/wp\/#\/schema\/logo\/image\/\",\"url\":\"http:\/\/ecritsdelumiere.fr\/wp\/wp-content\/uploads\/2023\/06\/logo-ecrits-carre.png\",\"contentUrl\":\"http:\/\/ecritsdelumiere.fr\/wp\/wp-content\/uploads\/2023\/06\/logo-ecrits-carre.png\",\"width\":314,\"height\":314,\"caption\":\"\u00c9crits de lumi\u00e8re\"},\"image\":{\"@id\":\"https:\/\/ecritsdelumiere.fr\/wp\/#\/schema\/logo\/image\/\"}}]}<\/script>\n<!-- \/ Yoast SEO plugin. -->","yoast_head_json":{"title":"Studio Alix, Au fil de l\u2019eau - \u00c9crits de lumi\u00e8re","robots":{"index":"index","follow":"follow","max-snippet":"max-snippet:-1","max-image-preview":"max-image-preview:large","max-video-preview":"max-video-preview:-1"},"canonical":"https:\/\/ecritsdelumiere.fr\/wp\/pyrenees\/studio-alix-au-fil-de-leau\/","og_locale":"fr_FR","og_type":"article","og_title":"Studio Alix, Au fil de l\u2019eau - \u00c9crits de lumi\u00e8re","og_description":"Du 1er juillet 2023 au 31 mai 2024, le Mus\u00e9um d\u2019histoire naturelle \u00e0 Bagn\u00e8res-de-Bigorre pr\u00e9sente une exposition consacr\u00e9e au th\u00e8me de l\u2019eau dans les archives du studio Alix. Qu&rsquo;il s&rsquo;agisse des eaux naturelles ou industrielles dans les Hautes-Pyr\u00e9n\u00e9es.","og_url":"https:\/\/ecritsdelumiere.fr\/wp\/pyrenees\/studio-alix-au-fil-de-leau\/","og_site_name":"\u00c9crits de lumi\u00e8re","article_modified_time":"2023-07-10T10:30:25+00:00","og_image":[{"width":500,"height":594,"url":"https:\/\/ecritsdelumiere.fr\/wp\/wp-content\/uploads\/2023\/05\/studio_alix_au_fil_de_l_eau-affichette.jpg","type":"image\/jpeg"}],"twitter_card":"summary_large_image","twitter_misc":{"Dur\u00e9e de lecture estim\u00e9e":"4 minutes"},"schema":{"@context":"https:\/\/schema.org","@graph":[{"@type":"WebPage","@id":"https:\/\/ecritsdelumiere.fr\/wp\/pyrenees\/studio-alix-au-fil-de-leau\/","url":"https:\/\/ecritsdelumiere.fr\/wp\/pyrenees\/studio-alix-au-fil-de-leau\/","name":"Studio Alix, Au fil de l\u2019eau - \u00c9crits de lumi\u00e8re","isPartOf":{"@id":"https:\/\/ecritsdelumiere.fr\/wp\/#website"},"datePublished":"2023-05-21T17:46:09+00:00","dateModified":"2023-07-10T10:30:25+00:00","breadcrumb":{"@id":"https:\/\/ecritsdelumiere.fr\/wp\/pyrenees\/studio-alix-au-fil-de-leau\/#breadcrumb"},"inLanguage":"fr-FR","potentialAction":[{"@type":"ReadAction","target":["https:\/\/ecritsdelumiere.fr\/wp\/pyrenees\/studio-alix-au-fil-de-leau\/"]}]},{"@type":"BreadcrumbList","@id":"https:\/\/ecritsdelumiere.fr\/wp\/pyrenees\/studio-alix-au-fil-de-leau\/#breadcrumb","itemListElement":[{"@type":"ListItem","position":1,"name":"Accueil","item":"https:\/\/ecritsdelumiere.fr\/wp\/"},{"@type":"ListItem","position":2,"name":"Photographie pyr\u00e9n\u00e9enne","item":"https:\/\/ecritsdelumiere.fr\/wp\/pyrenees\/"},{"@type":"ListItem","position":3,"name":"Studio Alix, Au fil de l\u2019eau"}]},{"@type":"WebSite","@id":"https:\/\/ecritsdelumiere.fr\/wp\/#website","url":"https:\/\/ecritsdelumiere.fr\/wp\/","name":"\u00c9crits de lumi\u00e8re","description":"Un site consacr\u00e9 \u00e0 la photographie ancienne","publisher":{"@id":"https:\/\/ecritsdelumiere.fr\/wp\/#organization"},"potentialAction":[{"@type":"SearchAction","target":{"@type":"EntryPoint","urlTemplate":"https:\/\/ecritsdelumiere.fr\/wp\/?s={search_term_string}"},"query-input":"required name=search_term_string"}],"inLanguage":"fr-FR"},{"@type":"Organization","@id":"https:\/\/ecritsdelumiere.fr\/wp\/#organization","name":"\u00c9crits de lumi\u00e8re","url":"https:\/\/ecritsdelumiere.fr\/wp\/","logo":{"@type":"ImageObject","inLanguage":"fr-FR","@id":"https:\/\/ecritsdelumiere.fr\/wp\/#\/schema\/logo\/image\/","url":"http:\/\/ecritsdelumiere.fr\/wp\/wp-content\/uploads\/2023\/06\/logo-ecrits-carre.png","contentUrl":"http:\/\/ecritsdelumiere.fr\/wp\/wp-content\/uploads\/2023\/06\/logo-ecrits-carre.png","width":314,"height":314,"caption":"\u00c9crits de lumi\u00e8re"},"image":{"@id":"https:\/\/ecritsdelumiere.fr\/wp\/#\/schema\/logo\/image\/"}}]}},"_links":{"self":[{"href":"https:\/\/ecritsdelumiere.fr\/wp\/wp-json\/wp\/v2\/pages\/472","targetHints":{"allow":["GET"]}}],"collection":[{"href":"https:\/\/ecritsdelumiere.fr\/wp\/wp-json\/wp\/v2\/pages"}],"about":[{"href":"https:\/\/ecritsdelumiere.fr\/wp\/wp-json\/wp\/v2\/types\/page"}],"author":[{"embeddable":true,"href":"https:\/\/ecritsdelumiere.fr\/wp\/wp-json\/wp\/v2\/users\/1"}],"replies":[{"embeddable":true,"href":"https:\/\/ecritsdelumiere.fr\/wp\/wp-json\/wp\/v2\/comments?post=472"}],"version-history":[{"count":45,"href":"https:\/\/ecritsdelumiere.fr\/wp\/wp-json\/wp\/v2\/pages\/472\/revisions"}],"predecessor-version":[{"id":908,"href":"https:\/\/ecritsdelumiere.fr\/wp\/wp-json\/wp\/v2\/pages\/472\/revisions\/908"}],"up":[{"embeddable":true,"href":"https:\/\/ecritsdelumiere.fr\/wp\/wp-json\/wp\/v2\/pages\/69"}],"wp:featuredmedia":[{"embeddable":true,"href":"https:\/\/ecritsdelumiere.fr\/wp\/wp-json\/wp\/v2\/media\/520"}],"wp:attachment":[{"href":"https:\/\/ecritsdelumiere.fr\/wp\/wp-json\/wp\/v2\/media?parent=472"}],"curies":[{"name":"wp","href":"https:\/\/api.w.org\/{rel}","templated":true}]}}